{"id":3859,"date":"2025-04-02T16:09:47","date_gmt":"2025-04-02T14:09:47","guid":{"rendered":"https:\/\/chardys.nl\/?post_type=product&#038;p=3859"},"modified":"2026-04-02T19:05:26","modified_gmt":"2026-04-02T17:05:26","slug":"jalapeno_lime_and_tequila_jam","status":"publish","type":"product","link":"https:\/\/chardys.nl\/nl\/product\/jalapeno_lime_and_tequila_jam\/","title":{"rendered":"Jalape\u00f1o, Lime &amp; Tequila Jam"},"content":{"rendered":"<div class=\"x-text x-content e6-e140 m6-37 m6-39 m6-3b m6-3c m6-3d m6-3e m6-3f m6-3l m6-3t\">\n<h4><img decoding=\"async\" class=\"alignright wp-image-840\" src=\"https:\/\/chardys.nl\/wp-content\/uploads\/2024\/08\/Mild.png\" alt=\"\" width=\"48\" height=\"119\" \/><\/h4>\n<p>De langverwachte jam van Jalape\u00f1o, Limoen en Tequila is eindelijk een feit en we zijn er supertrots op. Van het begin af aan hebben we deze jam ontworpen om jezelf te verwennen en het is vrij moeilijk om het dekseltje er weer op te doen als je er eenmaal van aan het genieten bent. We zijn vrij royaal geweest met de Jalape\u00f1os, dus hoewel de saus mild is, heeft het toch een heerlijk pittig tintje. Boordevol krachtige Jalape\u00f1o smaken, een frisse citrus bite om de zoetheid in balans te brengen en een scheutje Tequila om de smaken af te ronden.<\/p>\n<div class=\"lightweight-accordion has-background\"><details><summary class=\"lightweight-accordion-title\" style=\"background:none;\"><span>Suggesties<\/span><\/summary><div class=\"lightweight-accordion-body\" style=\"border-color:none;\"><p>De zoetheid en zuurheid van citrusvruchten, in combinatie met de milde kruiden in de jam, combineren uitstekend met smeu\u00efge spijzen, waardoor het een heerlijke smaakmaker is bij kaas. Dat is precies waarom we het gemaakt hebben! We zijn zelf verzot op deze jam met een romige Ch\u00e8vre of een zachte kaas zoals Brie, maar het past ook heel goed bij sterkere kazen zoals Camembert, een oude Gouda of een vintage Cheddar. Als je echt indruk wilt maken op je vrienden, gebruik de jam dan als topping op vanille-ijs. Of voor een snelle en makkelijke dip roer je simpelweg een lepel jam door de roomkaas! Als het om kip gaat, houden we er helemaal van om jam als glazuur te gebruiken - het maakt de heerlijkste, knapperige BBQ-spiesjes! Het is een ideale toevoeging aan een broodje! Wat dacht je van geitenkaas, rucola en een vleugje zwarte peper? Of wellicht wil je een sharing platter op smaak brengen met een pittige toevoeging die zeker een goed gesprek op gang zal brengen!<\/p>\n<\/div><\/details><\/div>\n<div class=\"lightweight-accordion has-background\"><details><summary class=\"lightweight-accordion-title\" style=\"background:none;\"><span>Ingredi\u00ebnten<\/span><\/summary><div class=\"lightweight-accordion-body\" style=\"border-color:none;\"><p> Jalape\u00f1o, Limoen, Tequila, Suiker, Appelazijn, Pectine, Zout, Limoenrasp. <\/p>\n<\/div><\/details><\/div>\n<div class=\"lightweight-accordion has-background\"><details><summary class=\"lightweight-accordion-title\" style=\"background:none;\"><span>Voedingswaarden<\/span><\/summary><div class=\"lightweight-accordion-body\" style=\"border-color:none;\"><p>(per 100ml) Energie:1167 KJ\/ 275 Kcal, Vet: 0.4g (waarvan verzadigd 0g), Koolhydraten: 61,5g (waarvan suikers 60g), Eiwit 0,5g, Zout 0,2g.<\/p>\n<\/div><\/details><\/div>\n<div class=\"lightweight-accordion has-background\"><details><summary class=\"lightweight-accordion-title\" style=\"background:none;\"><span>Allergenen<\/span><\/summary><div class=\"lightweight-accordion-body\" style=\"border-color:none;\"><p>We gebruiken geen noten in dit product. Echter, omdat we het produceren in een gedeelde keuken, kunnen we niet garanderen dat het notenvrij is. <\/p>\n<\/div><\/details><\/div>\n<\/div>\n<div>\n<div style=\"flex: 50%;text-align: left\">200g<\/div>\n<div style=\"flex: 50%;text-align: right\">Bevat alcohol<\/div>\n<\/div>","protected":false},"excerpt":{"rendered":"<p>At last the long awaited Jalape\u00f1o, Lime and Tequila jam is ready and we are super proud of it. Right from the drawing board we designed this jam to be indulgent and it&#8217;s pretty difficult to put the lid back on when you have started to enjoy it. We have been pretty generous with the [&hellip;]<\/p>\n","protected":false},"featured_media":3981,"comment_status":"open","ping_status":"closed","template":"","meta":{"_acf_changed":false,"_eb_attr":"","inline_featured_image":false},"product_brand":[],"product_cat":[73],"product_tag":[],"class_list":{"0":"post-3859","1":"product","2":"type-product","3":"status-publish","4":"has-post-thumbnail","6":"product_cat-jam","8":"first","9":"instock","10":"featured","11":"taxable","12":"shipping-taxable","13":"purchasable","14":"product-type-simple"},"acf":[],"yoast_head":"<!-- This site is optimized with the Yoast SEO plugin v27.3 - https:\/\/yoast.com\/product\/yoast-seo-wordpress\/ -->\n<title>Jalape\u00f1o, Lime &amp; Tequila Jam - Chardys Hot Jam<\/title>\n<meta name=\"description\" content=\"A decadent spicy Jalape\u00f1o Jam made with green jalape\u00f1os, a squeeze of lime and a generous dash of tequila.\" \/>\n<meta name=\"robots\" content=\"index, follow, max-snippet:-1, max-image-preview:large, max-video-preview:-1\" \/>\n<link rel=\"canonical\" href=\"https:\/\/chardys.nl\/nl\/product\/jalapeno_lime_and_tequila_jam\/\" \/>\n<meta property=\"og:locale\" content=\"nl_NL\" \/>\n<meta property=\"og:type\" content=\"article\" \/>\n<meta property=\"og:title\" content=\"Jalape\u00f1o, Lime &amp; Tequila Jam - Chardys Hot Jam\" \/>\n<meta property=\"og:description\" content=\"A decadent spicy Jalape\u00f1o Jam made with green jalape\u00f1os, a squeeze of lime and a generous dash of tequila.\" \/>\n<meta property=\"og:url\" content=\"https:\/\/chardys.nl\/nl\/product\/jalapeno_lime_and_tequila_jam\/\" \/>\n<meta property=\"og:site_name\" content=\"Chardys Hot Sauce\" \/>\n<meta property=\"article:publisher\" content=\"https:\/\/www.facebook.com\/profile.php?id=61564336191471\" \/>\n<meta property=\"article:modified_time\" content=\"2026-04-02T17:05:26+00:00\" \/>\n<meta property=\"og:image\" content=\"https:\/\/chardys.nl\/wp-content\/uploads\/2025\/04\/Jalapeno-Jam-web-e1747665344421.jpg\" \/>\n\t<meta property=\"og:image:width\" content=\"1600\" \/>\n\t<meta property=\"og:image:height\" content=\"1600\" \/>\n\t<meta property=\"og:image:type\" content=\"image\/jpeg\" \/>\n<meta name=\"twitter:card\" content=\"summary_large_image\" \/>\n<meta name=\"twitter:label1\" content=\"Geschatte leestijd\" \/>\n\t<meta name=\"twitter:data1\" content=\"2 minuten\" \/>\n<script type=\"application\/ld+json\" class=\"yoast-schema-graph\">{\"@context\":\"https:\\\/\\\/schema.org\",\"@graph\":[{\"@type\":\"WebPage\",\"@id\":\"https:\\\/\\\/chardys.nl\\\/product\\\/jalapeno_lime_and_tequila_jam\\\/\",\"url\":\"https:\\\/\\\/chardys.nl\\\/product\\\/jalapeno_lime_and_tequila_jam\\\/\",\"name\":\"Jalape\u00f1o, Lime &amp; Tequila Jam - Chardys Hot Jam\",\"isPartOf\":{\"@id\":\"https:\\\/\\\/chardys.nl\\\/#website\"},\"primaryImageOfPage\":{\"@id\":\"https:\\\/\\\/chardys.nl\\\/product\\\/jalapeno_lime_and_tequila_jam\\\/#primaryimage\"},\"image\":{\"@id\":\"https:\\\/\\\/chardys.nl\\\/product\\\/jalapeno_lime_and_tequila_jam\\\/#primaryimage\"},\"thumbnailUrl\":\"https:\\\/\\\/chardys.nl\\\/wp-content\\\/uploads\\\/2025\\\/04\\\/Jalapeno-Jam-web-e1747665344421.jpg\",\"datePublished\":\"2025-04-02T14:09:47+00:00\",\"dateModified\":\"2026-04-02T17:05:26+00:00\",\"description\":\"A decadent spicy Jalape\u00f1o Jam made with green jalape\u00f1os, a squeeze of lime and a generous dash of tequila.\",\"breadcrumb\":{\"@id\":\"https:\\\/\\\/chardys.nl\\\/product\\\/jalapeno_lime_and_tequila_jam\\\/#breadcrumb\"},\"inLanguage\":\"nl-NL\",\"potentialAction\":[{\"@type\":\"ReadAction\",\"target\":[\"https:\\\/\\\/chardys.nl\\\/product\\\/jalapeno_lime_and_tequila_jam\\\/\"]}]},{\"@type\":\"ImageObject\",\"inLanguage\":\"nl-NL\",\"@id\":\"https:\\\/\\\/chardys.nl\\\/product\\\/jalapeno_lime_and_tequila_jam\\\/#primaryimage\",\"url\":\"https:\\\/\\\/chardys.nl\\\/wp-content\\\/uploads\\\/2025\\\/04\\\/Jalapeno-Jam-web-e1747665344421.jpg\",\"contentUrl\":\"https:\\\/\\\/chardys.nl\\\/wp-content\\\/uploads\\\/2025\\\/04\\\/Jalapeno-Jam-web-e1747665344421.jpg\",\"width\":1600,\"height\":1600},{\"@type\":\"BreadcrumbList\",\"@id\":\"https:\\\/\\\/chardys.nl\\\/product\\\/jalapeno_lime_and_tequila_jam\\\/#breadcrumb\",\"itemListElement\":[{\"@type\":\"ListItem\",\"position\":1,\"name\":\"Home\",\"item\":\"https:\\\/\\\/chardys.nl\\\/\"},{\"@type\":\"ListItem\",\"position\":2,\"name\":\"Producten\",\"item\":\"https:\\\/\\\/chardys.nl\\\/nl\\\/shop\\\/\"},{\"@type\":\"ListItem\",\"position\":3,\"name\":\"Jalape\u00f1o, Lime &amp; Tequila Jam\"}]},{\"@type\":\"WebSite\",\"@id\":\"https:\\\/\\\/chardys.nl\\\/#website\",\"url\":\"https:\\\/\\\/chardys.nl\\\/\",\"name\":\"Chardy's Hot Sauce\",\"description\":\"Fermented cask matured hot sauces\",\"publisher\":{\"@id\":\"https:\\\/\\\/chardys.nl\\\/#organization\"},\"potentialAction\":[{\"@type\":\"SearchAction\",\"target\":{\"@type\":\"EntryPoint\",\"urlTemplate\":\"https:\\\/\\\/chardys.nl\\\/?s={search_term_string}\"},\"query-input\":{\"@type\":\"PropertyValueSpecification\",\"valueRequired\":true,\"valueName\":\"search_term_string\"}}],\"inLanguage\":\"nl-NL\"},{\"@type\":\"Organization\",\"@id\":\"https:\\\/\\\/chardys.nl\\\/#organization\",\"name\":\"Chardy's\",\"url\":\"https:\\\/\\\/chardys.nl\\\/\",\"logo\":{\"@type\":\"ImageObject\",\"inLanguage\":\"nl-NL\",\"@id\":\"https:\\\/\\\/chardys.nl\\\/#\\\/schema\\\/logo\\\/image\\\/\",\"url\":\"https:\\\/\\\/chardys.nl\\\/wp-content\\\/uploads\\\/2024\\\/08\\\/Chardys-Logo-Square.png\",\"contentUrl\":\"https:\\\/\\\/chardys.nl\\\/wp-content\\\/uploads\\\/2024\\\/08\\\/Chardys-Logo-Square.png\",\"width\":200,\"height\":202,\"caption\":\"Chardy's\"},\"image\":{\"@id\":\"https:\\\/\\\/chardys.nl\\\/#\\\/schema\\\/logo\\\/image\\\/\"},\"sameAs\":[\"https:\\\/\\\/www.facebook.com\\\/profile.php?id=61564336191471\",\"https:\\\/\\\/www.linkedin.com\\\/company\\\/chardys\\\/\",\"https:\\\/\\\/www.instagram.com\\\/chardys_hot_sauce\\\/\"]}]}<\/script>\n<!-- \/ Yoast SEO plugin. -->","yoast_head_json":{"title":"Jalape\u00f1o, Lime &amp; Tequila Jam - Chardys Hot Jam","description":"A decadent spicy Jalape\u00f1o Jam made with green jalape\u00f1os, a squeeze of lime and a generous dash of tequila.","robots":{"index":"index","follow":"follow","max-snippet":"max-snippet:-1","max-image-preview":"max-image-preview:large","max-video-preview":"max-video-preview:-1"},"canonical":"https:\/\/chardys.nl\/nl\/product\/jalapeno_lime_and_tequila_jam\/","og_locale":"nl_NL","og_type":"article","og_title":"Jalape\u00f1o, Lime &amp; Tequila Jam - Chardys Hot Jam","og_description":"A decadent spicy Jalape\u00f1o Jam made with green jalape\u00f1os, a squeeze of lime and a generous dash of tequila.","og_url":"https:\/\/chardys.nl\/nl\/product\/jalapeno_lime_and_tequila_jam\/","og_site_name":"Chardys Hot Sauce","article_publisher":"https:\/\/www.facebook.com\/profile.php?id=61564336191471","article_modified_time":"2026-04-02T17:05:26+00:00","og_image":[{"width":1600,"height":1600,"url":"https:\/\/chardys.nl\/wp-content\/uploads\/2025\/04\/Jalapeno-Jam-web-e1747665344421.jpg","type":"image\/jpeg"}],"twitter_card":"summary_large_image","twitter_misc":{"Geschatte leestijd":"2 minuten"},"schema":{"@context":"https:\/\/schema.org","@graph":[{"@type":"WebPage","@id":"https:\/\/chardys.nl\/product\/jalapeno_lime_and_tequila_jam\/","url":"https:\/\/chardys.nl\/product\/jalapeno_lime_and_tequila_jam\/","name":"Jalape\u00f1o, Lime &amp; Tequila Jam - Chardys Hot Jam","isPartOf":{"@id":"https:\/\/chardys.nl\/#website"},"primaryImageOfPage":{"@id":"https:\/\/chardys.nl\/product\/jalapeno_lime_and_tequila_jam\/#primaryimage"},"image":{"@id":"https:\/\/chardys.nl\/product\/jalapeno_lime_and_tequila_jam\/#primaryimage"},"thumbnailUrl":"https:\/\/chardys.nl\/wp-content\/uploads\/2025\/04\/Jalapeno-Jam-web-e1747665344421.jpg","datePublished":"2025-04-02T14:09:47+00:00","dateModified":"2026-04-02T17:05:26+00:00","description":"A decadent spicy Jalape\u00f1o Jam made with green jalape\u00f1os, a squeeze of lime and a generous dash of tequila.","breadcrumb":{"@id":"https:\/\/chardys.nl\/product\/jalapeno_lime_and_tequila_jam\/#breadcrumb"},"inLanguage":"nl-NL","potentialAction":[{"@type":"ReadAction","target":["https:\/\/chardys.nl\/product\/jalapeno_lime_and_tequila_jam\/"]}]},{"@type":"ImageObject","inLanguage":"nl-NL","@id":"https:\/\/chardys.nl\/product\/jalapeno_lime_and_tequila_jam\/#primaryimage","url":"https:\/\/chardys.nl\/wp-content\/uploads\/2025\/04\/Jalapeno-Jam-web-e1747665344421.jpg","contentUrl":"https:\/\/chardys.nl\/wp-content\/uploads\/2025\/04\/Jalapeno-Jam-web-e1747665344421.jpg","width":1600,"height":1600},{"@type":"BreadcrumbList","@id":"https:\/\/chardys.nl\/product\/jalapeno_lime_and_tequila_jam\/#breadcrumb","itemListElement":[{"@type":"ListItem","position":1,"name":"Home","item":"https:\/\/chardys.nl\/"},{"@type":"ListItem","position":2,"name":"Producten","item":"https:\/\/chardys.nl\/nl\/shop\/"},{"@type":"ListItem","position":3,"name":"Jalape\u00f1o, Lime &amp; Tequila Jam"}]},{"@type":"WebSite","@id":"https:\/\/chardys.nl\/#website","url":"https:\/\/chardys.nl\/","name":"Chardy's Hot Sauce","description":"Fermented cask matured hot sauces","publisher":{"@id":"https:\/\/chardys.nl\/#organization"},"potentialAction":[{"@type":"SearchAction","target":{"@type":"EntryPoint","urlTemplate":"https:\/\/chardys.nl\/?s={search_term_string}"},"query-input":{"@type":"PropertyValueSpecification","valueRequired":true,"valueName":"search_term_string"}}],"inLanguage":"nl-NL"},{"@type":"Organization","@id":"https:\/\/chardys.nl\/#organization","name":"Chardy's","url":"https:\/\/chardys.nl\/","logo":{"@type":"ImageObject","inLanguage":"nl-NL","@id":"https:\/\/chardys.nl\/#\/schema\/logo\/image\/","url":"https:\/\/chardys.nl\/wp-content\/uploads\/2024\/08\/Chardys-Logo-Square.png","contentUrl":"https:\/\/chardys.nl\/wp-content\/uploads\/2024\/08\/Chardys-Logo-Square.png","width":200,"height":202,"caption":"Chardy's"},"image":{"@id":"https:\/\/chardys.nl\/#\/schema\/logo\/image\/"},"sameAs":["https:\/\/www.facebook.com\/profile.php?id=61564336191471","https:\/\/www.linkedin.com\/company\/chardys\/","https:\/\/www.instagram.com\/chardys_hot_sauce\/"]}]}},"_links":{"self":[{"href":"https:\/\/chardys.nl\/nl\/wp-json\/wp\/v2\/product\/3859","targetHints":{"allow":["GET"]}}],"collection":[{"href":"https:\/\/chardys.nl\/nl\/wp-json\/wp\/v2\/product"}],"about":[{"href":"https:\/\/chardys.nl\/nl\/wp-json\/wp\/v2\/types\/product"}],"replies":[{"embeddable":true,"href":"https:\/\/chardys.nl\/nl\/wp-json\/wp\/v2\/comments?post=3859"}],"wp:featuredmedia":[{"embeddable":true,"href":"https:\/\/chardys.nl\/nl\/wp-json\/wp\/v2\/media\/3981"}],"wp:attachment":[{"href":"https:\/\/chardys.nl\/nl\/wp-json\/wp\/v2\/media?parent=3859"}],"wp:term":[{"taxonomy":"product_brand","embeddable":true,"href":"https:\/\/chardys.nl\/nl\/wp-json\/wp\/v2\/product_brand?post=3859"},{"taxonomy":"product_cat","embeddable":true,"href":"https:\/\/chardys.nl\/nl\/wp-json\/wp\/v2\/product_cat?post=3859"},{"taxonomy":"product_tag","embeddable":true,"href":"https:\/\/chardys.nl\/nl\/wp-json\/wp\/v2\/product_tag?post=3859"}],"curies":[{"name":"wp","href":"https:\/\/api.w.org\/{rel}","templated":true}]}}