{"id":3859,"date":"2025-04-02T16:09:47","date_gmt":"2025-04-02T14:09:47","guid":{"rendered":"https:\/\/chardys.nl\/?post_type=product&#038;p=3859"},"modified":"2026-04-02T19:05:26","modified_gmt":"2026-04-02T17:05:26","slug":"jalapeno_lime_and_tequila_jam","status":"publish","type":"product","link":"https:\/\/chardys.nl\/fr\/produit\/jalapeno_lime_and_tequila_jam\/","title":{"rendered":"Jalape\u00f1o, Lime &amp; Tequila Jam"},"content":{"rendered":"<div class=\"x-text x-content e6-e140 m6-37 m6-39 m6-3b m6-3c m6-3d m6-3e m6-3f m6-3l m6-3t\">\n<h4><img decoding=\"async\" class=\"alignright wp-image-840\" src=\"https:\/\/chardys.nl\/wp-content\/uploads\/2024\/08\/Mild.png\" alt=\"\" width=\"48\" height=\"119\" \/><\/h4>\n<p>La confiture tant attendue de Jalape\u00f1o, Lime et Tequila est enfin pr\u00eate et nous en sommes tr\u00e8s fiers. D\u00e8s le d\u00e9part, nous avons con\u00e7u cette confiture pour qu'elle soit indulgente et il est assez difficile de remettre le couvercle sur la confiture une fois qu'on a commenc\u00e9 \u00e0 la d\u00e9guster. Nous avons \u00e9t\u00e9 tr\u00e8s g\u00e9n\u00e9reux avec les piments jalape\u00f1os, si bien que si la sauce est douce, elle n'en est pas moins d\u00e9licieusement \u00e9pic\u00e9e. Elle regorge de saveurs de Jalape\u00f1o, d'une touche d'agrumes frais pour \u00e9quilibrer le go\u00fbt sucr\u00e9 et d'une dose de Tequila pour compl\u00e9ter les saveurs.<\/p>\n<div class=\"lightweight-accordion has-background\"><details><summary class=\"lightweight-accordion-title\" style=\"background:none;\"><span>Suggestions alimentaires<\/span><\/summary><div class=\"lightweight-accordion-body\" style=\"border-color:none;\"><p>La douceur et l'acidit\u00e9 des agrumes, combin\u00e9es aux \u00e9pices douces de la confiture, se marient tr\u00e8s bien avec les aliments cr\u00e9meux, ce qui en fait un excellent accompagnement pour le fromage. C'est exactement pour cela que nous l'avons cr\u00e9\u00e9e ! Nous adorons cette confiture avec un Ch\u00e8vre tr\u00e8s cr\u00e9meux ou un fromage \u00e0 p\u00e2te molle comme le Brie, mais elle se marie \u00e9galement tr\u00e8s bien avec des fromages plus forts comme le Camembert, un Gouda vieilli ou un Cheddar mill\u00e9sim\u00e9. Si vous voulez vraiment impressionner vos amis, pourquoi ne pas essayer d'utiliser la confiture comme nappage sur une glace \u00e0 la vanille ? Ou pour une trempette rapide et facile, il suffit d'en m\u00e9langer une cuiller\u00e9e au fromage frais ! En ce qui concerne le poulet, nous adorons utiliser la confiture comme gla\u00e7age - elle donne les brochettes de barbecue les plus d\u00e9licieuses et les plus collantes ! C'est un excellent compl\u00e9ment \u00e0 un sandwich ! Que diriez-vous de fromage de ch\u00e8vre, de roquette et d'une pinc\u00e9e de poivre noir ? Ou peut-\u00eatre souhaitez-vous agr\u00e9menter un plat \u00e0 partager d'un condiment \u00e9pic\u00e9 qui ne manquera pas d'alimenter les conversations !<\/p>\n<\/div><\/details><\/div>\n<div class=\"lightweight-accordion has-background\"><details><summary class=\"lightweight-accordion-title\" style=\"background:none;\"><span>Ingr\u00e9dients<\/span><\/summary><div class=\"lightweight-accordion-body\" style=\"border-color:none;\"><p> Jalape\u00f1o, Lime, Tequila, Sugar, Cider Vinegar, Pectin, Salt, Lime Zest <\/p>\n<\/div><\/details><\/div>\n<div class=\"lightweight-accordion has-background\"><details><summary class=\"lightweight-accordion-title\" style=\"background:none;\"><span>La nutrition<\/span><\/summary><div class=\"lightweight-accordion-body\" style=\"border-color:none;\"><p>(per 100ml) Energy:1167 KJ\/ 275 Kcal, Fat: 0.4g (of which saturates 0g), Carbohydrates: 61.5g (of which sugars 60g), Protein 0.5g, Salt 0.2g<\/p>\n<\/div><\/details><\/div>\n<div class=\"lightweight-accordion has-background\"><details><summary class=\"lightweight-accordion-title\" style=\"background:none;\"><span>Allergens<\/span><\/summary><div class=\"lightweight-accordion-body\" style=\"border-color:none;\"><p>Nous n'utilisons pas de noix dans ce produit, mais comme nous le produisons dans une cuisine commune, nous ne pouvons pas garantir qu'il ne contient pas de noix. <\/p>\n<\/div><\/details><\/div>\n<\/div>\n<div>\n<div style=\"flex: 50%;text-align: left\">200g<\/div>\n<div style=\"flex: 50%;text-align: right\">Contient de l'alcool<\/div>\n<\/div>","protected":false},"excerpt":{"rendered":"<p>At last the long awaited Jalape\u00f1o, Lime and Tequila jam is ready and we are super proud of it. Right from the drawing board we designed this jam to be indulgent and it&#8217;s pretty difficult to put the lid back on when you have started to enjoy it. We have been pretty generous with the [&hellip;]<\/p>\n","protected":false},"featured_media":3981,"comment_status":"open","ping_status":"closed","template":"","meta":{"_acf_changed":false,"_eb_attr":"","inline_featured_image":false},"product_brand":[],"product_cat":[73],"product_tag":[],"class_list":{"0":"post-3859","1":"product","2":"type-product","3":"status-publish","4":"has-post-thumbnail","6":"product_cat-jam","8":"first","9":"instock","10":"featured","11":"taxable","12":"shipping-taxable","13":"purchasable","14":"product-type-simple"},"acf":[],"yoast_head":"<!-- This site is optimized with the Yoast SEO plugin v27.3 - https:\/\/yoast.com\/product\/yoast-seo-wordpress\/ -->\n<title>Jalape\u00f1o, Lime &amp; Tequila Jam - Chardys Hot Jam<\/title>\n<meta name=\"description\" content=\"A decadent spicy Jalape\u00f1o Jam made with green jalape\u00f1os, a squeeze of lime and a generous dash of tequila.\" \/>\n<meta name=\"robots\" content=\"index, follow, max-snippet:-1, max-image-preview:large, max-video-preview:-1\" \/>\n<link rel=\"canonical\" href=\"https:\/\/chardys.nl\/fr\/produit\/jalapeno_lime_and_tequila_jam\/\" \/>\n<meta property=\"og:locale\" content=\"fr_FR\" \/>\n<meta property=\"og:type\" content=\"article\" \/>\n<meta property=\"og:title\" content=\"Jalape\u00f1o, Lime &amp; Tequila Jam - Chardys Hot Jam\" \/>\n<meta property=\"og:description\" content=\"A decadent spicy Jalape\u00f1o Jam made with green jalape\u00f1os, a squeeze of lime and a generous dash of tequila.\" \/>\n<meta property=\"og:url\" content=\"https:\/\/chardys.nl\/fr\/produit\/jalapeno_lime_and_tequila_jam\/\" \/>\n<meta property=\"og:site_name\" content=\"Chardys Hot Sauce\" \/>\n<meta property=\"article:publisher\" content=\"https:\/\/www.facebook.com\/profile.php?id=61564336191471\" \/>\n<meta property=\"article:modified_time\" content=\"2026-04-02T17:05:26+00:00\" \/>\n<meta property=\"og:image\" content=\"https:\/\/chardys.nl\/wp-content\/uploads\/2025\/04\/Jalapeno-Jam-web-e1747665344421.jpg\" \/>\n\t<meta property=\"og:image:width\" content=\"1600\" \/>\n\t<meta property=\"og:image:height\" content=\"1600\" \/>\n\t<meta property=\"og:image:type\" content=\"image\/jpeg\" \/>\n<meta name=\"twitter:card\" content=\"summary_large_image\" \/>\n<meta name=\"twitter:label1\" content=\"Dur\u00e9e de lecture estim\u00e9e\" \/>\n\t<meta name=\"twitter:data1\" content=\"2 minutes\" \/>\n<script type=\"application\/ld+json\" class=\"yoast-schema-graph\">{\"@context\":\"https:\\\/\\\/schema.org\",\"@graph\":[{\"@type\":\"WebPage\",\"@id\":\"https:\\\/\\\/chardys.nl\\\/product\\\/jalapeno_lime_and_tequila_jam\\\/\",\"url\":\"https:\\\/\\\/chardys.nl\\\/product\\\/jalapeno_lime_and_tequila_jam\\\/\",\"name\":\"Jalape\u00f1o, Lime &amp; Tequila Jam - Chardys Hot Jam\",\"isPartOf\":{\"@id\":\"https:\\\/\\\/chardys.nl\\\/#website\"},\"primaryImageOfPage\":{\"@id\":\"https:\\\/\\\/chardys.nl\\\/product\\\/jalapeno_lime_and_tequila_jam\\\/#primaryimage\"},\"image\":{\"@id\":\"https:\\\/\\\/chardys.nl\\\/product\\\/jalapeno_lime_and_tequila_jam\\\/#primaryimage\"},\"thumbnailUrl\":\"https:\\\/\\\/chardys.nl\\\/wp-content\\\/uploads\\\/2025\\\/04\\\/Jalapeno-Jam-web-e1747665344421.jpg\",\"datePublished\":\"2025-04-02T14:09:47+00:00\",\"dateModified\":\"2026-04-02T17:05:26+00:00\",\"description\":\"A decadent spicy Jalape\u00f1o Jam made with green jalape\u00f1os, a squeeze of lime and a generous dash of tequila.\",\"breadcrumb\":{\"@id\":\"https:\\\/\\\/chardys.nl\\\/product\\\/jalapeno_lime_and_tequila_jam\\\/#breadcrumb\"},\"inLanguage\":\"fr-FR\",\"potentialAction\":[{\"@type\":\"ReadAction\",\"target\":[\"https:\\\/\\\/chardys.nl\\\/product\\\/jalapeno_lime_and_tequila_jam\\\/\"]}]},{\"@type\":\"ImageObject\",\"inLanguage\":\"fr-FR\",\"@id\":\"https:\\\/\\\/chardys.nl\\\/product\\\/jalapeno_lime_and_tequila_jam\\\/#primaryimage\",\"url\":\"https:\\\/\\\/chardys.nl\\\/wp-content\\\/uploads\\\/2025\\\/04\\\/Jalapeno-Jam-web-e1747665344421.jpg\",\"contentUrl\":\"https:\\\/\\\/chardys.nl\\\/wp-content\\\/uploads\\\/2025\\\/04\\\/Jalapeno-Jam-web-e1747665344421.jpg\",\"width\":1600,\"height\":1600},{\"@type\":\"BreadcrumbList\",\"@id\":\"https:\\\/\\\/chardys.nl\\\/product\\\/jalapeno_lime_and_tequila_jam\\\/#breadcrumb\",\"itemListElement\":[{\"@type\":\"ListItem\",\"position\":1,\"name\":\"Home\",\"item\":\"https:\\\/\\\/chardys.nl\\\/\"},{\"@type\":\"ListItem\",\"position\":2,\"name\":\"Producten\",\"item\":\"https:\\\/\\\/chardys.nl\\\/nl\\\/shop\\\/\"},{\"@type\":\"ListItem\",\"position\":3,\"name\":\"Jalape\u00f1o, Lime &amp; Tequila Jam\"}]},{\"@type\":\"WebSite\",\"@id\":\"https:\\\/\\\/chardys.nl\\\/#website\",\"url\":\"https:\\\/\\\/chardys.nl\\\/\",\"name\":\"Chardy's Hot Sauce\",\"description\":\"Fermented cask matured hot sauces\",\"publisher\":{\"@id\":\"https:\\\/\\\/chardys.nl\\\/#organization\"},\"potentialAction\":[{\"@type\":\"SearchAction\",\"target\":{\"@type\":\"EntryPoint\",\"urlTemplate\":\"https:\\\/\\\/chardys.nl\\\/?s={search_term_string}\"},\"query-input\":{\"@type\":\"PropertyValueSpecification\",\"valueRequired\":true,\"valueName\":\"search_term_string\"}}],\"inLanguage\":\"fr-FR\"},{\"@type\":\"Organization\",\"@id\":\"https:\\\/\\\/chardys.nl\\\/#organization\",\"name\":\"Chardy's\",\"url\":\"https:\\\/\\\/chardys.nl\\\/\",\"logo\":{\"@type\":\"ImageObject\",\"inLanguage\":\"fr-FR\",\"@id\":\"https:\\\/\\\/chardys.nl\\\/#\\\/schema\\\/logo\\\/image\\\/\",\"url\":\"https:\\\/\\\/chardys.nl\\\/wp-content\\\/uploads\\\/2024\\\/08\\\/Chardys-Logo-Square.png\",\"contentUrl\":\"https:\\\/\\\/chardys.nl\\\/wp-content\\\/uploads\\\/2024\\\/08\\\/Chardys-Logo-Square.png\",\"width\":200,\"height\":202,\"caption\":\"Chardy's\"},\"image\":{\"@id\":\"https:\\\/\\\/chardys.nl\\\/#\\\/schema\\\/logo\\\/image\\\/\"},\"sameAs\":[\"https:\\\/\\\/www.facebook.com\\\/profile.php?id=61564336191471\",\"https:\\\/\\\/www.linkedin.com\\\/company\\\/chardys\\\/\",\"https:\\\/\\\/www.instagram.com\\\/chardys_hot_sauce\\\/\"]}]}<\/script>\n<!-- \/ Yoast SEO plugin. -->","yoast_head_json":{"title":"Jalape\u00f1o, Lime &amp; Tequila Jam - Chardys Hot Jam","description":"A decadent spicy Jalape\u00f1o Jam made with green jalape\u00f1os, a squeeze of lime and a generous dash of tequila.","robots":{"index":"index","follow":"follow","max-snippet":"max-snippet:-1","max-image-preview":"max-image-preview:large","max-video-preview":"max-video-preview:-1"},"canonical":"https:\/\/chardys.nl\/fr\/produit\/jalapeno_lime_and_tequila_jam\/","og_locale":"fr_FR","og_type":"article","og_title":"Jalape\u00f1o, Lime &amp; Tequila Jam - Chardys Hot Jam","og_description":"A decadent spicy Jalape\u00f1o Jam made with green jalape\u00f1os, a squeeze of lime and a generous dash of tequila.","og_url":"https:\/\/chardys.nl\/fr\/produit\/jalapeno_lime_and_tequila_jam\/","og_site_name":"Chardys Hot Sauce","article_publisher":"https:\/\/www.facebook.com\/profile.php?id=61564336191471","article_modified_time":"2026-04-02T17:05:26+00:00","og_image":[{"width":1600,"height":1600,"url":"https:\/\/chardys.nl\/wp-content\/uploads\/2025\/04\/Jalapeno-Jam-web-e1747665344421.jpg","type":"image\/jpeg"}],"twitter_card":"summary_large_image","twitter_misc":{"Dur\u00e9e de lecture estim\u00e9e":"2 minutes"},"schema":{"@context":"https:\/\/schema.org","@graph":[{"@type":"WebPage","@id":"https:\/\/chardys.nl\/product\/jalapeno_lime_and_tequila_jam\/","url":"https:\/\/chardys.nl\/product\/jalapeno_lime_and_tequila_jam\/","name":"Jalape\u00f1o, Lime &amp; Tequila Jam - Chardys Hot Jam","isPartOf":{"@id":"https:\/\/chardys.nl\/#website"},"primaryImageOfPage":{"@id":"https:\/\/chardys.nl\/product\/jalapeno_lime_and_tequila_jam\/#primaryimage"},"image":{"@id":"https:\/\/chardys.nl\/product\/jalapeno_lime_and_tequila_jam\/#primaryimage"},"thumbnailUrl":"https:\/\/chardys.nl\/wp-content\/uploads\/2025\/04\/Jalapeno-Jam-web-e1747665344421.jpg","datePublished":"2025-04-02T14:09:47+00:00","dateModified":"2026-04-02T17:05:26+00:00","description":"A decadent spicy Jalape\u00f1o Jam made with green jalape\u00f1os, a squeeze of lime and a generous dash of tequila.","breadcrumb":{"@id":"https:\/\/chardys.nl\/product\/jalapeno_lime_and_tequila_jam\/#breadcrumb"},"inLanguage":"fr-FR","potentialAction":[{"@type":"ReadAction","target":["https:\/\/chardys.nl\/product\/jalapeno_lime_and_tequila_jam\/"]}]},{"@type":"ImageObject","inLanguage":"fr-FR","@id":"https:\/\/chardys.nl\/product\/jalapeno_lime_and_tequila_jam\/#primaryimage","url":"https:\/\/chardys.nl\/wp-content\/uploads\/2025\/04\/Jalapeno-Jam-web-e1747665344421.jpg","contentUrl":"https:\/\/chardys.nl\/wp-content\/uploads\/2025\/04\/Jalapeno-Jam-web-e1747665344421.jpg","width":1600,"height":1600},{"@type":"BreadcrumbList","@id":"https:\/\/chardys.nl\/product\/jalapeno_lime_and_tequila_jam\/#breadcrumb","itemListElement":[{"@type":"ListItem","position":1,"name":"Home","item":"https:\/\/chardys.nl\/"},{"@type":"ListItem","position":2,"name":"Producten","item":"https:\/\/chardys.nl\/nl\/shop\/"},{"@type":"ListItem","position":3,"name":"Jalape\u00f1o, Lime &amp; Tequila Jam"}]},{"@type":"WebSite","@id":"https:\/\/chardys.nl\/#website","url":"https:\/\/chardys.nl\/","name":"Chardy's Hot Sauce","description":"Fermented cask matured hot sauces","publisher":{"@id":"https:\/\/chardys.nl\/#organization"},"potentialAction":[{"@type":"SearchAction","target":{"@type":"EntryPoint","urlTemplate":"https:\/\/chardys.nl\/?s={search_term_string}"},"query-input":{"@type":"PropertyValueSpecification","valueRequired":true,"valueName":"search_term_string"}}],"inLanguage":"fr-FR"},{"@type":"Organization","@id":"https:\/\/chardys.nl\/#organization","name":"Chardy's","url":"https:\/\/chardys.nl\/","logo":{"@type":"ImageObject","inLanguage":"fr-FR","@id":"https:\/\/chardys.nl\/#\/schema\/logo\/image\/","url":"https:\/\/chardys.nl\/wp-content\/uploads\/2024\/08\/Chardys-Logo-Square.png","contentUrl":"https:\/\/chardys.nl\/wp-content\/uploads\/2024\/08\/Chardys-Logo-Square.png","width":200,"height":202,"caption":"Chardy's"},"image":{"@id":"https:\/\/chardys.nl\/#\/schema\/logo\/image\/"},"sameAs":["https:\/\/www.facebook.com\/profile.php?id=61564336191471","https:\/\/www.linkedin.com\/company\/chardys\/","https:\/\/www.instagram.com\/chardys_hot_sauce\/"]}]}},"_links":{"self":[{"href":"https:\/\/chardys.nl\/fr\/wp-json\/wp\/v2\/product\/3859","targetHints":{"allow":["GET"]}}],"collection":[{"href":"https:\/\/chardys.nl\/fr\/wp-json\/wp\/v2\/product"}],"about":[{"href":"https:\/\/chardys.nl\/fr\/wp-json\/wp\/v2\/types\/product"}],"replies":[{"embeddable":true,"href":"https:\/\/chardys.nl\/fr\/wp-json\/wp\/v2\/comments?post=3859"}],"wp:featuredmedia":[{"embeddable":true,"href":"https:\/\/chardys.nl\/fr\/wp-json\/wp\/v2\/media\/3981"}],"wp:attachment":[{"href":"https:\/\/chardys.nl\/fr\/wp-json\/wp\/v2\/media?parent=3859"}],"wp:term":[{"taxonomy":"product_brand","embeddable":true,"href":"https:\/\/chardys.nl\/fr\/wp-json\/wp\/v2\/product_brand?post=3859"},{"taxonomy":"product_cat","embeddable":true,"href":"https:\/\/chardys.nl\/fr\/wp-json\/wp\/v2\/product_cat?post=3859"},{"taxonomy":"product_tag","embeddable":true,"href":"https:\/\/chardys.nl\/fr\/wp-json\/wp\/v2\/product_tag?post=3859"}],"curies":[{"name":"wp","href":"https:\/\/api.w.org\/{rel}","templated":true}]}}