{"id":5481,"date":"2026-03-29T13:26:38","date_gmt":"2026-03-29T11:26:38","guid":{"rendered":"https:\/\/chardys.nl\/?post_type=product&#038;p=5481"},"modified":"2026-04-23T13:22:28","modified_gmt":"2026-04-23T11:22:28","slug":"fig-chipotle-rum-chutney","status":"publish","type":"product","link":"https:\/\/chardys.nl\/de\/product\/fig-chipotle-rum-chutney\/","title":{"rendered":"Fig, Chipotle &amp; Rum Chutney"},"content":{"rendered":"<div class=\"x-text x-content e6-e140 m6-37 m6-39 m6-3b m6-3c m6-3d m6-3e m6-3f m6-3l m6-3t\">\n<h4><img decoding=\"async\" class=\"alignright wp-image-840\" src=\"https:\/\/chardys.nl\/wp-content\/uploads\/2024\/08\/Mild.png\" alt=\"\" width=\"48\" height=\"119\" \/><\/h4>\n<p>Our fig chutney is a refinement of the classic jam recipe, with reduced sugar and a twist of spice and decadence. By combining smoky chipotle peppers from Mexico, balsamic vinegar from Italy, and a rich Caribbean spiced rum, we created a chutney of pure indulgence. The gentle heat and mellow, rich flavours pair beautifully with a wide variety of cheeses and bring a luxurious flair to any cheese board.<\/p>\n<\/div>\n<div class=\"x-text x-content e6-e140 m6-37 m6-39 m6-3b m6-3c m6-3d m6-3e m6-3f m6-3l m6-3t\">\n<div class=\"lightweight-accordion has-background\"><details><summary class=\"lightweight-accordion-title\" style=\"background:none;\"><span>Empfehlungen f\u00fcr Speisen<\/span><\/summary><div class=\"lightweight-accordion-body\" style=\"border-color:none;\"><p>Fig jam is an absolute classic on any cheese board, pairing with a wide variety of cheeses and Chardy&#8217;s Fig, Chipotle and Rum Jam is no exception. <\/p>\n<\/div><\/details><\/div>\n<div class=\"lightweight-accordion has-background\"><details><summary class=\"lightweight-accordion-title\" style=\"background:none;\"><span>Zutaten<\/span><\/summary><div class=\"lightweight-accordion-body\" style=\"border-color:none;\"><p>Figs (39%), sugar, water, dark rum (13%), lemon juice, balsamic vinegar, chipotle (2%) (morita &amp; meco), apple cider vinegar, molasses, pectin, chilli powder &amp; black Pepper<\/p>\n<div class=\"lightweight-accordion has-background\">\n<details>\n<summary class=\"lightweight-accordion-title\" style=\"background:none;\"><span>Ern\u00e4hrung<\/span><\/summary>\n<div class=\"lightweight-accordion-body\" style=\"border-color:none;\"><\/div>\n<\/details>\n<\/div>\n<p>(per 100ml) Energy:670 KJ\/ 160 Kcal, Fat: 0.6g (of which saturates 0g), Carbohydrates: 40g (of which sugars 37g), Protein 1g, Salt 0.1g<\/p>\n<\/div><\/details><\/div>\n<div class=\"lightweight-accordion has-background\"><details><summary class=\"lightweight-accordion-title\" style=\"background:none;\"><span>Allergien<\/span><\/summary><div class=\"lightweight-accordion-body\" style=\"border-color:none;\"><p>Wir verwenden keine N\u00fcsse in diesem Produkt, aber da wir es in einer Gemeinschaftsk\u00fcche herstellen, k\u00f6nnen wir nicht garantieren, dass es nussfrei ist. <\/p>\n<\/div><\/details><\/div>\n<\/div>\n<div>\n<div style=\"flex: 50%;text-align: left\">200g<\/div>\n<div style=\"flex: 50%;text-align: right\">Enth\u00e4lt Alkohol<\/div>\n<\/div>","protected":false},"excerpt":{"rendered":"<p>Our fig chutney is a refinement of the classic jam recipe, with reduced sugar and a twist of spice and decadence. By combining smoky chipotle peppers from Mexico, balsamic vinegar from Italy, and a rich Caribbean spiced rum, we created a chutney of pure indulgence. The gentle heat and mellow, rich flavours pair beautifully with [&hellip;]<\/p>\n","protected":false},"featured_media":5980,"comment_status":"open","ping_status":"closed","template":"","meta":{"_acf_changed":false,"_eb_attr":"","inline_featured_image":false},"product_brand":[],"product_cat":[73],"product_tag":[],"class_list":{"0":"post-5481","1":"product","2":"type-product","3":"status-publish","4":"has-post-thumbnail","6":"product_cat-jam","8":"first","9":"instock","10":"taxable","11":"shipping-taxable","12":"purchasable","13":"product-type-simple"},"acf":[],"yoast_head":"<!-- This site is optimized with the Yoast SEO plugin v27.5 - https:\/\/yoast.com\/product\/yoast-seo-wordpress\/ -->\n<title>Fig, Chipotle &amp; Rum Chutney - Chardys Hot Chutney<\/title>\n<meta name=\"description\" content=\"A decadent spicy fig chutney made with smoky chipotle peppers, balsamic vinegar and a generous shot of Caribbean spiced rum.\" \/>\n<meta name=\"robots\" content=\"index, follow, max-snippet:-1, max-image-preview:large, max-video-preview:-1\" \/>\n<link rel=\"canonical\" href=\"https:\/\/chardys.nl\/de\/produkt\/fig-chipotle-rum-chutney\/\" \/>\n<meta property=\"og:locale\" content=\"de_DE\" \/>\n<meta property=\"og:type\" content=\"article\" \/>\n<meta property=\"og:title\" content=\"Fig, Chipotle &amp; Rum Chutney - Chardys Hot Chutney\" \/>\n<meta property=\"og:description\" content=\"A decadent spicy fig chutney made with smoky chipotle peppers, balsamic vinegar and a generous shot of Caribbean spiced rum.\" \/>\n<meta property=\"og:url\" content=\"https:\/\/chardys.nl\/de\/produkt\/fig-chipotle-rum-chutney\/\" \/>\n<meta property=\"og:site_name\" content=\"Chardys Hot Stuff\" \/>\n<meta property=\"article:publisher\" content=\"https:\/\/www.facebook.com\/profile.php?id=61564336191471\" \/>\n<meta property=\"article:modified_time\" content=\"2026-04-23T11:22:28+00:00\" \/>\n<meta property=\"og:image\" content=\"https:\/\/chardys.nl\/wp-content\/uploads\/2026\/03\/Fig-Quick.jpg\" \/>\n\t<meta property=\"og:image:width\" content=\"1500\" \/>\n\t<meta property=\"og:image:height\" content=\"1500\" \/>\n\t<meta property=\"og:image:type\" content=\"image\/jpeg\" \/>\n<meta name=\"twitter:card\" content=\"summary_large_image\" \/>\n<meta name=\"twitter:label1\" content=\"Gesch\u00e4tzte Lesezeit\" \/>\n\t<meta name=\"twitter:data1\" content=\"2\u00a0Minuten\" \/>\n<script type=\"application\/ld+json\" class=\"yoast-schema-graph\">{\"@context\":\"https:\\\/\\\/schema.org\",\"@graph\":[{\"@type\":\"WebPage\",\"@id\":\"https:\\\/\\\/chardys.nl\\\/product\\\/fig-chipotle-rum-chutney\\\/\",\"url\":\"https:\\\/\\\/chardys.nl\\\/product\\\/fig-chipotle-rum-chutney\\\/\",\"name\":\"Fig, Chipotle &amp; Rum Chutney - Chardys Hot Chutney\",\"isPartOf\":{\"@id\":\"https:\\\/\\\/chardys.nl\\\/#website\"},\"primaryImageOfPage\":{\"@id\":\"https:\\\/\\\/chardys.nl\\\/product\\\/fig-chipotle-rum-chutney\\\/#primaryimage\"},\"image\":{\"@id\":\"https:\\\/\\\/chardys.nl\\\/product\\\/fig-chipotle-rum-chutney\\\/#primaryimage\"},\"thumbnailUrl\":\"https:\\\/\\\/chardys.nl\\\/wp-content\\\/uploads\\\/2026\\\/03\\\/Fig-Quick.jpg\",\"datePublished\":\"2026-03-29T11:26:38+00:00\",\"dateModified\":\"2026-04-23T11:22:28+00:00\",\"description\":\"A decadent spicy fig chutney made with smoky chipotle peppers, balsamic vinegar and a generous shot of Caribbean spiced rum.\",\"breadcrumb\":{\"@id\":\"https:\\\/\\\/chardys.nl\\\/product\\\/fig-chipotle-rum-chutney\\\/#breadcrumb\"},\"inLanguage\":\"de\",\"potentialAction\":[{\"@type\":\"ReadAction\",\"target\":[\"https:\\\/\\\/chardys.nl\\\/product\\\/fig-chipotle-rum-chutney\\\/\"]}]},{\"@type\":\"ImageObject\",\"inLanguage\":\"de\",\"@id\":\"https:\\\/\\\/chardys.nl\\\/product\\\/fig-chipotle-rum-chutney\\\/#primaryimage\",\"url\":\"https:\\\/\\\/chardys.nl\\\/wp-content\\\/uploads\\\/2026\\\/03\\\/Fig-Quick.jpg\",\"contentUrl\":\"https:\\\/\\\/chardys.nl\\\/wp-content\\\/uploads\\\/2026\\\/03\\\/Fig-Quick.jpg\",\"width\":1500,\"height\":1500},{\"@type\":\"BreadcrumbList\",\"@id\":\"https:\\\/\\\/chardys.nl\\\/product\\\/fig-chipotle-rum-chutney\\\/#breadcrumb\",\"itemListElement\":[{\"@type\":\"ListItem\",\"position\":1,\"name\":\"Home\",\"item\":\"https:\\\/\\\/chardys.nl\\\/\"},{\"@type\":\"ListItem\",\"position\":2,\"name\":\"Producten\",\"item\":\"https:\\\/\\\/chardys.nl\\\/nl\\\/shop\\\/\"},{\"@type\":\"ListItem\",\"position\":3,\"name\":\"Fig, Chipotle &amp; Rum Chutney\"}]},{\"@type\":\"WebSite\",\"@id\":\"https:\\\/\\\/chardys.nl\\\/#website\",\"url\":\"https:\\\/\\\/chardys.nl\\\/\",\"name\":\"Chardy's Hot Sauce\",\"description\":\"Fermented cask matured hot sauces\",\"publisher\":{\"@id\":\"https:\\\/\\\/chardys.nl\\\/#organization\"},\"potentialAction\":[{\"@type\":\"SearchAction\",\"target\":{\"@type\":\"EntryPoint\",\"urlTemplate\":\"https:\\\/\\\/chardys.nl\\\/?s={search_term_string}\"},\"query-input\":{\"@type\":\"PropertyValueSpecification\",\"valueRequired\":true,\"valueName\":\"search_term_string\"}}],\"inLanguage\":\"de\"},{\"@type\":\"Organization\",\"@id\":\"https:\\\/\\\/chardys.nl\\\/#organization\",\"name\":\"Chardy's\",\"url\":\"https:\\\/\\\/chardys.nl\\\/\",\"logo\":{\"@type\":\"ImageObject\",\"inLanguage\":\"de\",\"@id\":\"https:\\\/\\\/chardys.nl\\\/#\\\/schema\\\/logo\\\/image\\\/\",\"url\":\"https:\\\/\\\/chardys.nl\\\/wp-content\\\/uploads\\\/2024\\\/08\\\/Chardys-Logo-Square.png\",\"contentUrl\":\"https:\\\/\\\/chardys.nl\\\/wp-content\\\/uploads\\\/2024\\\/08\\\/Chardys-Logo-Square.png\",\"width\":200,\"height\":202,\"caption\":\"Chardy's\"},\"image\":{\"@id\":\"https:\\\/\\\/chardys.nl\\\/#\\\/schema\\\/logo\\\/image\\\/\"},\"sameAs\":[\"https:\\\/\\\/www.facebook.com\\\/profile.php?id=61564336191471\",\"https:\\\/\\\/www.linkedin.com\\\/company\\\/chardys\\\/\",\"https:\\\/\\\/www.instagram.com\\\/chardys_hot_sauce\\\/\"]}]}<\/script>\n<!-- \/ Yoast SEO plugin. -->","yoast_head_json":{"title":"Fig, Chipotle &amp; Rum Chutney - Chardys Hot Chutney","description":"A decadent spicy fig chutney made with smoky chipotle peppers, balsamic vinegar and a generous shot of Caribbean spiced rum.","robots":{"index":"index","follow":"follow","max-snippet":"max-snippet:-1","max-image-preview":"max-image-preview:large","max-video-preview":"max-video-preview:-1"},"canonical":"https:\/\/chardys.nl\/de\/produkt\/fig-chipotle-rum-chutney\/","og_locale":"de_DE","og_type":"article","og_title":"Fig, Chipotle &amp; Rum Chutney - Chardys Hot Chutney","og_description":"A decadent spicy fig chutney made with smoky chipotle peppers, balsamic vinegar and a generous shot of Caribbean spiced rum.","og_url":"https:\/\/chardys.nl\/de\/produkt\/fig-chipotle-rum-chutney\/","og_site_name":"Chardys Hot Stuff","article_publisher":"https:\/\/www.facebook.com\/profile.php?id=61564336191471","article_modified_time":"2026-04-23T11:22:28+00:00","og_image":[{"width":1500,"height":1500,"url":"https:\/\/chardys.nl\/wp-content\/uploads\/2026\/03\/Fig-Quick.jpg","type":"image\/jpeg"}],"twitter_card":"summary_large_image","twitter_misc":{"Gesch\u00e4tzte Lesezeit":"2\u00a0Minuten"},"schema":{"@context":"https:\/\/schema.org","@graph":[{"@type":"WebPage","@id":"https:\/\/chardys.nl\/product\/fig-chipotle-rum-chutney\/","url":"https:\/\/chardys.nl\/product\/fig-chipotle-rum-chutney\/","name":"Fig, Chipotle &amp; Rum Chutney - Chardys Hot Chutney","isPartOf":{"@id":"https:\/\/chardys.nl\/#website"},"primaryImageOfPage":{"@id":"https:\/\/chardys.nl\/product\/fig-chipotle-rum-chutney\/#primaryimage"},"image":{"@id":"https:\/\/chardys.nl\/product\/fig-chipotle-rum-chutney\/#primaryimage"},"thumbnailUrl":"https:\/\/chardys.nl\/wp-content\/uploads\/2026\/03\/Fig-Quick.jpg","datePublished":"2026-03-29T11:26:38+00:00","dateModified":"2026-04-23T11:22:28+00:00","description":"A decadent spicy fig chutney made with smoky chipotle peppers, balsamic vinegar and a generous shot of Caribbean spiced rum.","breadcrumb":{"@id":"https:\/\/chardys.nl\/product\/fig-chipotle-rum-chutney\/#breadcrumb"},"inLanguage":"de","potentialAction":[{"@type":"ReadAction","target":["https:\/\/chardys.nl\/product\/fig-chipotle-rum-chutney\/"]}]},{"@type":"ImageObject","inLanguage":"de","@id":"https:\/\/chardys.nl\/product\/fig-chipotle-rum-chutney\/#primaryimage","url":"https:\/\/chardys.nl\/wp-content\/uploads\/2026\/03\/Fig-Quick.jpg","contentUrl":"https:\/\/chardys.nl\/wp-content\/uploads\/2026\/03\/Fig-Quick.jpg","width":1500,"height":1500},{"@type":"BreadcrumbList","@id":"https:\/\/chardys.nl\/product\/fig-chipotle-rum-chutney\/#breadcrumb","itemListElement":[{"@type":"ListItem","position":1,"name":"Home","item":"https:\/\/chardys.nl\/"},{"@type":"ListItem","position":2,"name":"Producten","item":"https:\/\/chardys.nl\/nl\/shop\/"},{"@type":"ListItem","position":3,"name":"Fig, Chipotle &amp; Rum Chutney"}]},{"@type":"WebSite","@id":"https:\/\/chardys.nl\/#website","url":"https:\/\/chardys.nl\/","name":"Chardy's Hot Sauce","description":"Fermented cask matured hot sauces","publisher":{"@id":"https:\/\/chardys.nl\/#organization"},"potentialAction":[{"@type":"SearchAction","target":{"@type":"EntryPoint","urlTemplate":"https:\/\/chardys.nl\/?s={search_term_string}"},"query-input":{"@type":"PropertyValueSpecification","valueRequired":true,"valueName":"search_term_string"}}],"inLanguage":"de"},{"@type":"Organization","@id":"https:\/\/chardys.nl\/#organization","name":"Chardy's","url":"https:\/\/chardys.nl\/","logo":{"@type":"ImageObject","inLanguage":"de","@id":"https:\/\/chardys.nl\/#\/schema\/logo\/image\/","url":"https:\/\/chardys.nl\/wp-content\/uploads\/2024\/08\/Chardys-Logo-Square.png","contentUrl":"https:\/\/chardys.nl\/wp-content\/uploads\/2024\/08\/Chardys-Logo-Square.png","width":200,"height":202,"caption":"Chardy's"},"image":{"@id":"https:\/\/chardys.nl\/#\/schema\/logo\/image\/"},"sameAs":["https:\/\/www.facebook.com\/profile.php?id=61564336191471","https:\/\/www.linkedin.com\/company\/chardys\/","https:\/\/www.instagram.com\/chardys_hot_sauce\/"]}]}},"_links":{"self":[{"href":"https:\/\/chardys.nl\/de\/wp-json\/wp\/v2\/product\/5481","targetHints":{"allow":["GET"]}}],"collection":[{"href":"https:\/\/chardys.nl\/de\/wp-json\/wp\/v2\/product"}],"about":[{"href":"https:\/\/chardys.nl\/de\/wp-json\/wp\/v2\/types\/product"}],"replies":[{"embeddable":true,"href":"https:\/\/chardys.nl\/de\/wp-json\/wp\/v2\/comments?post=5481"}],"wp:featuredmedia":[{"embeddable":true,"href":"https:\/\/chardys.nl\/de\/wp-json\/wp\/v2\/media\/5980"}],"wp:attachment":[{"href":"https:\/\/chardys.nl\/de\/wp-json\/wp\/v2\/media?parent=5481"}],"wp:term":[{"taxonomy":"product_brand","embeddable":true,"href":"https:\/\/chardys.nl\/de\/wp-json\/wp\/v2\/product_brand?post=5481"},{"taxonomy":"product_cat","embeddable":true,"href":"https:\/\/chardys.nl\/de\/wp-json\/wp\/v2\/product_cat?post=5481"},{"taxonomy":"product_tag","embeddable":true,"href":"https:\/\/chardys.nl\/de\/wp-json\/wp\/v2\/product_tag?post=5481"}],"curies":[{"name":"wp","href":"https:\/\/api.w.org\/{rel}","templated":true}]}}